{"id":360,"date":"2017-09-02T02:53:00","date_gmt":"2017-09-02T06:53:00","guid":{"rendered":"http:\/\/192.168.1.104\/restaurant\/?page_id=9"},"modified":"2024-07-25T15:30:20","modified_gmt":"2024-07-25T13:30:20","slug":"welcome","status":"publish","type":"page","link":"https:\/\/www.hostaltilos.net\/es\/","title":{"rendered":"Hostal Tilos"},"content":{"rendered":"\n<style type=\"text\/css\" data-created_by=\"avia_inline_auto\" id=\"style-css-av-235nts-698021e97e5bb4d307dcbb6d2e2bd45f\">\n.avia-section.av-235nts-698021e97e5bb4d307dcbb6d2e2bd45f .av-parallax .av-parallax-inner{\nbackground-repeat:no-repeat;\nbackground-image:url(https:\/\/www.hostaltilos.net\/wp-content\/uploads\/2024\/07\/malagueta.jpg);\nbackground-position:50% 50%;\nbackground-attachment:scroll;\n}\n<\/style>\n<div id='av_section_1'  class='avia-section av-235nts-698021e97e5bb4d307dcbb6d2e2bd45f main_color avia-section-default avia-no-shadow  avia-builder-el-0  el_before_av_section  avia-builder-el-first  avia-full-stretch av-parallax-section avia-bg-style-parallax av-minimum-height av-minimum-height-custom av-height-custom  container_wrap sidebar_right'  data-section-bg-repeat='stretch' data-av_minimum_height_px='600'><div class='av-parallax' data-avia-parallax-ratio='0.3' ><div class='av-parallax-inner main_color avia-full-stretch'><\/div><\/div><div class='container av-section-cont-open' style='height:600px'><main  role=\"main\" itemprop=\"mainContentOfPage\"  class='template-page content  av-content-small alpha units'><div class='post-entry post-entry-type-page post-entry-360'><div class='entry-content-wrapper clearfix'>\n\n<style type=\"text\/css\" data-created_by=\"avia_inline_auto\" id=\"style-css-av-lywznib1-3eaa4078283e6e8865eaf7b206cd999b\">\n#top .av-special-heading.av-lywznib1-3eaa4078283e6e8865eaf7b206cd999b{\npadding-bottom:0;\ncolor:#ffffff;\nfont-size:60px;\n}\nbody .av-special-heading.av-lywznib1-3eaa4078283e6e8865eaf7b206cd999b .av-special-heading-tag .heading-char{\nfont-size:25px;\n}\n#top #wrap_all .av-special-heading.av-lywznib1-3eaa4078283e6e8865eaf7b206cd999b .av-special-heading-tag{\nfont-size:60px;\n}\n.av-special-heading.av-lywznib1-3eaa4078283e6e8865eaf7b206cd999b .special-heading-inner-border{\nborder-color:#ffffff;\n}\n.av-special-heading.av-lywznib1-3eaa4078283e6e8865eaf7b206cd999b .av-subheading{\nfont-size:18px;\n}\n\n@media only screen and (min-width: 480px) and (max-width: 767px){ \n#top #wrap_all .av-special-heading.av-lywznib1-3eaa4078283e6e8865eaf7b206cd999b .av-special-heading-tag{\nfont-size:0.8em;\n}\n}\n\n@media only screen and (max-width: 479px){ \n#top #wrap_all .av-special-heading.av-lywznib1-3eaa4078283e6e8865eaf7b206cd999b .av-special-heading-tag{\nfont-size:0.8em;\n}\n}\n<\/style>\n<div  class='av-special-heading av-lywznib1-3eaa4078283e6e8865eaf7b206cd999b av-special-heading-h1 custom-color-heading blockquote modern-quote  avia-builder-el-1  avia-builder-el-no-sibling  av-thin-font av-inherit-size'><h1 class='av-special-heading-tag '  itemprop=\"headline\"  >Bienvenido a <strong>Hostal Tilos<\/strong><\/h1><div class='av_custom_color av-subheading av-subheading_below'><p>El hotel para tus momentos en M\u00e1laga<br \/>\n<strong><a href=\"https:\/\/www.hostaltilos.net\/reserva\">Reserva Ya<\/a><\/strong><\/p>\n<\/div><div class=\"special-heading-border\"><div class=\"special-heading-inner-border\"><\/div><\/div><\/div>\n<\/div><\/div><\/main><!-- close content main element --><\/div><\/div>\n<style type=\"text\/css\" data-created_by=\"avia_inline_auto\" id=\"style-css-av-1wqe7k-3ceb5a2da0e6b34ae65b33f30d96fdae\">\n.avia-section.av-1wqe7k-3ceb5a2da0e6b34ae65b33f30d96fdae{\nbackground-repeat:no-repeat;\nbackground-image:url(https:\/\/www.hostaltilos.net\/wp-content\/uploads\/2014\/07\/fruit_bg.jpg);\nbackground-position:100% 100%;\nbackground-attachment:scroll;\n}\n<\/style>\n<div id='av_section_2'  class='avia-section av-1wqe7k-3ceb5a2da0e6b34ae65b33f30d96fdae main_color avia-section-large avia-no-border-styling  avia-builder-el-2  el_after_av_section  avia-builder-el-last  avia-bg-style-scroll container_wrap sidebar_right'  data-section-bg-repeat='no-repeat'><div class='container av-section-cont-open' ><div class='template-page content  av-content-small alpha units'><div class='post-entry post-entry-type-page post-entry-360'><div class='entry-content-wrapper clearfix'>\n<div  class='flex_column av-1qdkk0-22e89bc700250f9fd0773800c0465bbd av_two_third  avia-builder-el-3  el_before_av_one_third  avia-builder-el-first  first flex_column_div  '     ><div  class='avia-slideshow av-lywznvs8-681e626ec8b40fdc1e45d1a66f6016ff avia-slideshow-magazine av_slideshow avia-fade-slider  avia-builder-el-4  avia-builder-el-no-sibling  av-slideshow-ui av-control-default av-slideshow-autoplay av-loop-endless av-loop-manual-endless av-default-height-applied avia-slideshow-1' data-slideshow-options=\"{&quot;animation&quot;:&quot;fade&quot;,&quot;autoplay&quot;:true,&quot;loop_autoplay&quot;:&quot;endless&quot;,&quot;interval&quot;:5,&quot;loop_manual&quot;:&quot;manual-endless&quot;,&quot;autoplay_stopper&quot;:false,&quot;noNavigation&quot;:false,&quot;bg_slider&quot;:false,&quot;keep_padding&quot;:false,&quot;hoverpause&quot;:false,&quot;show_slide_delay&quot;:0}\"  itemprop=\"image\" itemscope=\"itemscope\" itemtype=\"https:\/\/schema.org\/ImageObject\" ><ul class='avia-slideshow-inner ' style='padding-bottom: 52.816901408451%;'><li  class='avia-slideshow-slide av-lywznvs8-681e626ec8b40fdc1e45d1a66f6016ff__0  slide-1 slide-odd'><div data-rel='slideshow-1' class='avia-slide-wrap '   ><img decoding=\"async\" fetchpriority=\"high\" class=\"wp-image-1000 avia-img-lazy-loading-not-1000\"  src=\"https:\/\/www.hostaltilos.net\/wp-content\/uploads\/2024\/07\/hostal-tilos-710x375.jpg\" width=\"710\" height=\"375\" title='hostal-tilos' alt=''  itemprop=\"thumbnailUrl\"   \/><\/div><\/li><li  class='avia-slideshow-slide av-lywznvs8-681e626ec8b40fdc1e45d1a66f6016ff__1  slide-2 slide-even'><div data-rel='slideshow-1' class='avia-slide-wrap '   ><img decoding=\"async\" fetchpriority=\"high\" class=\"wp-image-992 avia-img-lazy-loading-not-992\"  src=\"https:\/\/www.hostaltilos.net\/wp-content\/uploads\/2024\/07\/doble-710x375.jpg\" width=\"710\" height=\"375\" title='doble' alt=''  itemprop=\"thumbnailUrl\"   \/><\/div><\/li><\/ul><div class='avia-slideshow-arrows avia-slideshow-controls' ><a href='#prev' class='prev-slide ' aria-hidden='true' data-av_icon='\ue87c' data-av_iconfont='entypo-fontello'  tabindex='-1'>Anterior<\/a><a href='#next' class='next-slide ' aria-hidden='true' data-av_icon='\ue87d' data-av_iconfont='entypo-fontello'  tabindex='-1'>Posterior<\/a><\/div><div class='avia-slideshow-dots avia-slideshow-controls'><a href='#1' class='goto-slide active' >1<\/a><a href='#2' class='goto-slide ' >2<\/a><\/div><\/div><\/div>\n<style type=\"text\/css\" data-created_by=\"avia_inline_auto\" id=\"style-css-av-1blhgo-41e13c3a7941157ca78a530873ffc7ac\">\n.flex_column.av-1blhgo-41e13c3a7941157ca78a530873ffc7ac{\nborder-radius:0px 0px 0px 0px;\npadding:0px 0px 0px 0px;\n}\n<\/style>\n<div  class='flex_column av-1blhgo-41e13c3a7941157ca78a530873ffc7ac av_one_third  avia-builder-el-5  el_after_av_two_third  el_before_av_one_half  flex_column_div av-zero-column-padding  '     ><p>\n<style type=\"text\/css\" data-created_by=\"avia_inline_auto\" id=\"style-css-av-lywzombv-1fdaa11ff29de3e2a4f1c64dad9ef829\">\n#top .av-special-heading.av-lywzombv-1fdaa11ff29de3e2a4f1c64dad9ef829{\npadding-bottom:0;\n}\nbody .av-special-heading.av-lywzombv-1fdaa11ff29de3e2a4f1c64dad9ef829 .av-special-heading-tag .heading-char{\nfont-size:25px;\n}\n.av-special-heading.av-lywzombv-1fdaa11ff29de3e2a4f1c64dad9ef829 .av-subheading{\nfont-size:15px;\n}\n<\/style>\n<div  class='av-special-heading av-lywzombv-1fdaa11ff29de3e2a4f1c64dad9ef829 av-special-heading-h2 blockquote modern-quote  avia-builder-el-6  el_before_av_hr  avia-builder-el-first  av-thin-font'><h2 class='av-special-heading-tag '  itemprop=\"headline\"  >C\u00e9ntrico hotel a tan solo <strong>2km de la Alcazaba<\/strong><\/h2><div class='av-subheading av-subheading_below'><p>Est\u00e1s a un solo click de vivir M\u00e1laga!<\/p>\n<\/div><div class=\"special-heading-border\"><div class=\"special-heading-inner-border\"><\/div><\/div><\/div><br \/>\n\n<style type=\"text\/css\" data-created_by=\"avia_inline_auto\" id=\"style-css-av-11r7ls-a33e83f2dc2ee652b705a1277da3995e\">\n#top .hr.hr-invisible.av-11r7ls-a33e83f2dc2ee652b705a1277da3995e{\nheight:1px;\n}\n<\/style>\n<div  class='hr av-11r7ls-a33e83f2dc2ee652b705a1277da3995e hr-invisible  avia-builder-el-7  el_after_av_heading  el_before_av_textblock '><span class='hr-inner '><span class=\"hr-inner-style\"><\/span><\/span><\/div><br \/>\n<section  class='av_textblock_section av-lywzreh0-30c0ddbc366b75897a1ec946e660c9dd '   itemscope=\"itemscope\" itemtype=\"https:\/\/schema.org\/CreativeWork\" ><div class='avia_textblock'  itemprop=\"text\" ><div>\n<p>El <strong>Hostal Tilos<\/strong> ofrece una buena relaci\u00f3n calidad precio y goza de una ubicaci\u00f3n ideal cerca del centro de M\u00e1laga. Ofrece habitaciones luminosas con aire acondicionado, conexi\u00f3n Wi-Fi gratuita, TV y ba\u00f1o privado. El Hostal Tilos se encuentra en el Barrio de los tilos de M\u00e1laga, a solo 2km de la Alcazaba.<\/p>\n<\/div>\n<div>\n<ul>\n<li>Vive una experiencia \u00fanica: calidad, servicio, <strong>compromiso<\/strong>.<\/li>\n<li>Muchas opciones para alojarse (habitaciones individuales, dobles, triples, etc&#8230;).<\/li>\n<li>Relaci\u00f3n calidad\/precio inmejorable.<\/li>\n<\/ul>\n<\/div>\n<p>Para que disfrutes de una <strong>experiencia diferente<\/strong>.<\/p>\n<\/div><\/section><br \/>\n<div  class='avia-button-wrap av-yd3rs-37beb1f087d24c3441b5f1ff30029dd6-wrap avia-button-center  avia-builder-el-9  el_after_av_textblock  avia-builder-el-last '><a href='https:\/\/www.hostaltilos.net\/reserva'  class='avia-button av-yd3rs-37beb1f087d24c3441b5f1ff30029dd6 av-link-btn avia-icon_select-yes-left-icon avia-size-small avia-position-center avia-color-theme-color'   aria-label=\"Reserva Ya\"><span class='avia_button_icon avia_button_icon_left' aria-hidden='true' data-av_icon='\ue85b' data-av_iconfont='entypo-fontello'><\/span><span class='avia_iconbox_title' >Reserva Ya<\/span><\/a><\/div><\/p><\/div><div  class='flex_column av-s7z4g-46991b1490cb7b353a5a2c459148a747 av_one_half  avia-builder-el-10  el_after_av_one_third  el_before_av_one_half  first flex_column_div  column-top-margin'     ><p>\n<style type=\"text\/css\" data-created_by=\"avia_inline_auto\" id=\"style-css-av-lywzsbvi-4c1f06c34d90ffd5991e0af1b120ee28\">\n.avia-image-container.av-lywzsbvi-4c1f06c34d90ffd5991e0af1b120ee28 img.avia_image{\nbox-shadow:none;\n}\n.avia-image-container.av-lywzsbvi-4c1f06c34d90ffd5991e0af1b120ee28 .av-caption-image-overlay-bg{\nopacity:0.4;\nbackground-color:#000000;\n}\n.avia-image-container.av-lywzsbvi-4c1f06c34d90ffd5991e0af1b120ee28 .av-image-caption-overlay-center{\ncolor:#ffffff;\nfont-size:20px;\n}\n<\/style>\n<div  class='avia-image-container av-lywzsbvi-4c1f06c34d90ffd5991e0af1b120ee28 av-styling- av-img-linked avia_animated_image av-animated-when-visible-95 pop-up avia-align-center  avia-builder-el-11  el_before_av_icon_box  avia-builder-el-first  noHover av-overlay-on-hover'   itemprop=\"image\" itemscope=\"itemscope\" itemtype=\"https:\/\/schema.org\/ImageObject\" ><div class=\"avia-image-container-inner\"><div class=\"avia-image-overlay-wrap\"><a href=\"https:\/\/www.hostaltilos.net\/es\/descubre\/\" class='avia_image '  aria-label='hostal-tilos'><div class=\"av-image-caption-overlay\"><div class=\"av-caption-image-overlay-bg\"><\/div><div class=\"av-image-caption-overlay-position\"><div class=\"av-image-caption-overlay-center\"><p>M\u00e1s info&#8230;.<\/p>\n<\/div><\/div><\/div><img decoding=\"async\" fetchpriority=\"high\" class='wp-image-1000 avia-img-lazy-loading-not-1000 avia_image ' src=\"https:\/\/www.hostaltilos.net\/wp-content\/uploads\/2024\/07\/hostal-tilos-845x576.jpg\" alt='' title='hostal-tilos'  height=\"576\" width=\"845\"  itemprop=\"thumbnailUrl\"  \/><\/a><\/div><\/div><\/div><br \/>\n<article  class='iconbox iconbox_left av-kgva8-86b8c5c898452c5731c68d18779b7f35  avia-builder-el-12  el_after_av_image  avia-builder-el-last '  itemscope=\"itemscope\" itemtype=\"https:\/\/schema.org\/CreativeWork\" ><div class=\"iconbox_content\"><header class=\"entry-content-header\"><div class=\"iconbox_icon heading-color\" aria-hidden='true' data-av_icon='\ue808' data-av_iconfont='entypo-fontello'><\/div><h3 class='iconbox_content_title '  itemprop=\"headline\" ><a href='https:\/\/www.hostaltilos.net\/es\/descubre\/' title='DESCUBRE EL HOTEL'  >DESCUBRE EL HOTEL<\/a><\/h3><\/header><div class='iconbox_content_container '  itemprop=\"text\" ><p>Descubre el hotel.<\/p>\n<p><a href=\"https:\/\/www.hostaltilos.net\/descubre\/\"><strong>M\u00e1s info -><\/strong><\/a><\/p>\n<\/div><\/div><footer class=\"entry-footer\"><\/footer><\/article><\/p><\/div>\n<style type=\"text\/css\" data-created_by=\"avia_inline_auto\" id=\"style-css-av-1hqow-725e2fead523f4e1eca00e547412611d\">\n.flex_column.av-1hqow-725e2fead523f4e1eca00e547412611d{\nborder-radius:0px 0px 0px 0px;\npadding:0px 0px 0px 0px;\n}\n<\/style>\n<div  class='flex_column av-1hqow-725e2fead523f4e1eca00e547412611d av_one_half  avia-builder-el-13  el_after_av_one_half  avia-builder-el-last  flex_column_div av-zero-column-padding  column-top-margin'     ><p>\n<style type=\"text\/css\" data-created_by=\"avia_inline_auto\" id=\"style-css-av-lywzsikh-88449aabffbc78c73a74be5d5c0c57c2\">\n.avia-image-container.av-lywzsikh-88449aabffbc78c73a74be5d5c0c57c2 img.avia_image{\nbox-shadow:none;\n}\n.avia-image-container.av-lywzsikh-88449aabffbc78c73a74be5d5c0c57c2 .av-caption-image-overlay-bg{\nopacity:0.4;\nbackground-color:#000000;\n}\n.avia-image-container.av-lywzsikh-88449aabffbc78c73a74be5d5c0c57c2 .av-image-caption-overlay-center{\ncolor:#ffffff;\nfont-size:20px;\n}\n<\/style>\n<div  class='avia-image-container av-lywzsikh-88449aabffbc78c73a74be5d5c0c57c2 av-styling- av-img-linked avia_animated_image av-animated-when-visible-95 pop-up avia-align-center  avia-builder-el-14  el_before_av_icon_box  avia-builder-el-first  noHover av-overlay-on-hover'   itemprop=\"image\" itemscope=\"itemscope\" itemtype=\"https:\/\/schema.org\/ImageObject\" ><div class=\"avia-image-container-inner\"><div class=\"avia-image-overlay-wrap\"><a href=\"https:\/\/www.hostaltilos.net\/es\/habitaciones\/\" class='avia_image '  aria-label='doble3'><div class=\"av-image-caption-overlay\"><div class=\"av-caption-image-overlay-bg\"><\/div><div class=\"av-image-caption-overlay-position\"><div class=\"av-image-caption-overlay-center\"><p>M\u00e1s info&#8230;.<\/p>\n<\/div><\/div><\/div><img decoding=\"async\" fetchpriority=\"high\" class='wp-image-996 avia-img-lazy-loading-not-996 avia_image ' src=\"https:\/\/www.hostaltilos.net\/wp-content\/uploads\/2024\/07\/doble3-640x684.jpg\" alt='' title='doble3'  height=\"684\" width=\"640\"  itemprop=\"thumbnailUrl\"  \/><\/a><\/div><\/div><\/div><br \/>\n<article  class='iconbox iconbox_left av-bpzmw-9a5471bd6d0a8191af22a02db2ed5b11  avia-builder-el-15  el_after_av_image  avia-builder-el-last '  itemscope=\"itemscope\" itemtype=\"https:\/\/schema.org\/CreativeWork\" ><div class=\"iconbox_content\"><header class=\"entry-content-header\"><div class=\"iconbox_icon heading-color\" aria-hidden='true' data-av_icon='\ue808' data-av_iconfont='entypo-fontello'><\/div><h3 class='iconbox_content_title '  itemprop=\"headline\" ><a href='https:\/\/www.hostaltilos.net\/es\/habitaciones\/' title='HABITACIONES'  >HABITACIONES<\/a><\/h3><\/header><div class='iconbox_content_container '  itemprop=\"text\" ><p>Muchas configuraciones disponibles.<\/p>\n<p><a href=\"https:\/\/www.hostaltilos.net\/habitaciones\/\"><strong>M\u00e1s info -><\/strong><\/a><\/p>\n<\/div><\/div><footer class=\"entry-footer\"><\/footer><\/article><\/p><\/div>\n<\/div><\/div><\/div><!-- close content main div --><\/div><\/div><div id='after_section_2'  class='main_color av_default_container_wrap container_wrap sidebar_right'  ><div class='container av-section-cont-open' ><div class='template-page content  av-content-small alpha units'><div class='post-entry post-entry-type-page post-entry-360'><div class='entry-content-wrapper clearfix'><\/p>\n","protected":false},"excerpt":{"rendered":"","protected":false},"author":1,"featured_media":0,"parent":0,"menu_order":0,"comment_status":"open","ping_status":"open","template":"","meta":{"footnotes":""},"class_list":["post-360","page","type-page","status-publish","hentry"],"yoast_head":"<!-- This site is optimized with the Yoast SEO plugin v26.3 - https:\/\/yoast.com\/wordpress\/plugins\/seo\/ -->\n<title>Hostal Tilos - M\u00e1laga<\/title>\n<meta name=\"description\" content=\"Hostal Tilos: tu \u2b50hotel\u2b50 en M\u00e1laga. Situado a tan solo 15min del centro. La calidad te espera &gt;&gt;&gt;\" \/>\n<meta name=\"robots\" content=\"index, follow, max-snippet:-1, max-image-preview:large, max-video-preview:-1\" \/>\n<link rel=\"canonical\" href=\"https:\/\/www.hostaltilos.net\/es\/\" \/>\n<meta property=\"og:locale\" content=\"es_ES\" \/>\n<meta property=\"og:type\" content=\"article\" \/>\n<meta property=\"og:title\" content=\"Hostal Tilos - M\u00e1laga\" \/>\n<meta property=\"og:description\" content=\"Hostal Tilos: tu \u2b50hotel\u2b50 en M\u00e1laga. Situado a tan solo 15min del centro. La calidad te espera &gt;&gt;&gt;\" \/>\n<meta property=\"og:url\" content=\"https:\/\/www.hostaltilos.net\/es\/\" \/>\n<meta property=\"og:site_name\" content=\"Hostal Tilos, M\u00e1laga\" \/>\n<meta property=\"article:modified_time\" content=\"2024-07-25T13:30:20+00:00\" \/>\n<meta name=\"twitter:card\" content=\"summary_large_image\" \/>\n<meta name=\"twitter:label1\" content=\"Tiempo de lectura\" \/>\n\t<meta name=\"twitter:data1\" content=\"2 minutos\" \/>\n<script type=\"application\/ld+json\" class=\"yoast-schema-graph\">{\"@context\":\"https:\/\/schema.org\",\"@graph\":[{\"@type\":\"WebPage\",\"@id\":\"https:\/\/www.hostaltilos.net\/es\/\",\"url\":\"https:\/\/www.hostaltilos.net\/es\/\",\"name\":\"Hostal Tilos - M\u00e1laga\",\"isPartOf\":{\"@id\":\"https:\/\/www.hostaltilos.net\/#website\"},\"datePublished\":\"2017-09-02T06:53:00+00:00\",\"dateModified\":\"2024-07-25T13:30:20+00:00\",\"description\":\"Hostal Tilos: tu \u2b50hotel\u2b50 en M\u00e1laga. Situado a tan solo 15min del centro. La calidad te espera >>>\",\"breadcrumb\":{\"@id\":\"https:\/\/www.hostaltilos.net\/es\/#breadcrumb\"},\"inLanguage\":\"es\",\"potentialAction\":[{\"@type\":\"ReadAction\",\"target\":[\"https:\/\/www.hostaltilos.net\/es\/\"]}]},{\"@type\":\"BreadcrumbList\",\"@id\":\"https:\/\/www.hostaltilos.net\/es\/#breadcrumb\",\"itemListElement\":[{\"@type\":\"ListItem\",\"position\":1,\"name\":\"Home\",\"item\":\"https:\/\/www.hostaltilos.net\/es\/\"},{\"@type\":\"ListItem\",\"position\":2,\"name\":\"Hostal Tilos\"}]},{\"@type\":\"WebSite\",\"@id\":\"https:\/\/www.hostaltilos.net\/#website\",\"url\":\"https:\/\/www.hostaltilos.net\/\",\"name\":\"Hostal Tilos, M\u00e1laga\",\"description\":\"Hostal Tilos, M\u00e1laga\",\"potentialAction\":[{\"@type\":\"SearchAction\",\"target\":{\"@type\":\"EntryPoint\",\"urlTemplate\":\"https:\/\/www.hostaltilos.net\/?s={search_term_string}\"},\"query-input\":{\"@type\":\"PropertyValueSpecification\",\"valueRequired\":true,\"valueName\":\"search_term_string\"}}],\"inLanguage\":\"es\"}]}<\/script>\n<!-- \/ Yoast SEO plugin. -->","yoast_head_json":{"title":"Hostal Tilos - M\u00e1laga","description":"Hostal Tilos: tu \u2b50hotel\u2b50 en M\u00e1laga. Situado a tan solo 15min del centro. La calidad te espera >>>","robots":{"index":"index","follow":"follow","max-snippet":"max-snippet:-1","max-image-preview":"max-image-preview:large","max-video-preview":"max-video-preview:-1"},"canonical":"https:\/\/www.hostaltilos.net\/es\/","og_locale":"es_ES","og_type":"article","og_title":"Hostal Tilos - M\u00e1laga","og_description":"Hostal Tilos: tu \u2b50hotel\u2b50 en M\u00e1laga. Situado a tan solo 15min del centro. La calidad te espera >>>","og_url":"https:\/\/www.hostaltilos.net\/es\/","og_site_name":"Hostal Tilos, M\u00e1laga","article_modified_time":"2024-07-25T13:30:20+00:00","twitter_card":"summary_large_image","twitter_misc":{"Tiempo de lectura":"2 minutos"},"schema":{"@context":"https:\/\/schema.org","@graph":[{"@type":"WebPage","@id":"https:\/\/www.hostaltilos.net\/es\/","url":"https:\/\/www.hostaltilos.net\/es\/","name":"Hostal Tilos - M\u00e1laga","isPartOf":{"@id":"https:\/\/www.hostaltilos.net\/#website"},"datePublished":"2017-09-02T06:53:00+00:00","dateModified":"2024-07-25T13:30:20+00:00","description":"Hostal Tilos: tu \u2b50hotel\u2b50 en M\u00e1laga. Situado a tan solo 15min del centro. La calidad te espera >>>","breadcrumb":{"@id":"https:\/\/www.hostaltilos.net\/es\/#breadcrumb"},"inLanguage":"es","potentialAction":[{"@type":"ReadAction","target":["https:\/\/www.hostaltilos.net\/es\/"]}]},{"@type":"BreadcrumbList","@id":"https:\/\/www.hostaltilos.net\/es\/#breadcrumb","itemListElement":[{"@type":"ListItem","position":1,"name":"Home","item":"https:\/\/www.hostaltilos.net\/es\/"},{"@type":"ListItem","position":2,"name":"Hostal Tilos"}]},{"@type":"WebSite","@id":"https:\/\/www.hostaltilos.net\/#website","url":"https:\/\/www.hostaltilos.net\/","name":"Hostal Tilos, M\u00e1laga","description":"Hostal Tilos, M\u00e1laga","potentialAction":[{"@type":"SearchAction","target":{"@type":"EntryPoint","urlTemplate":"https:\/\/www.hostaltilos.net\/?s={search_term_string}"},"query-input":{"@type":"PropertyValueSpecification","valueRequired":true,"valueName":"search_term_string"}}],"inLanguage":"es"}]}},"_links":{"self":[{"href":"https:\/\/www.hostaltilos.net\/es\/wp-json\/wp\/v2\/pages\/360","targetHints":{"allow":["GET"]}}],"collection":[{"href":"https:\/\/www.hostaltilos.net\/es\/wp-json\/wp\/v2\/pages"}],"about":[{"href":"https:\/\/www.hostaltilos.net\/es\/wp-json\/wp\/v2\/types\/page"}],"author":[{"embeddable":true,"href":"https:\/\/www.hostaltilos.net\/es\/wp-json\/wp\/v2\/users\/1"}],"replies":[{"embeddable":true,"href":"https:\/\/www.hostaltilos.net\/es\/wp-json\/wp\/v2\/comments?post=360"}],"version-history":[{"count":5,"href":"https:\/\/www.hostaltilos.net\/es\/wp-json\/wp\/v2\/pages\/360\/revisions"}],"predecessor-version":[{"id":1044,"href":"https:\/\/www.hostaltilos.net\/es\/wp-json\/wp\/v2\/pages\/360\/revisions\/1044"}],"wp:attachment":[{"href":"https:\/\/www.hostaltilos.net\/es\/wp-json\/wp\/v2\/media?parent=360"}],"curies":[{"name":"wp","href":"https:\/\/api.w.org\/{rel}","templated":true}]}}